{"id":135,"date":"2025-04-29T17:40:13","date_gmt":"2025-04-29T17:40:13","guid":{"rendered":"https:\/\/bhp.leadyourselfafrica.com\/?page_id=135"},"modified":"2025-04-30T14:29:45","modified_gmt":"2025-04-30T14:29:45","slug":"home","status":"publish","type":"page","link":"https:\/\/bhp.leadyourselfafrica.com\/index.php\/home\/","title":{"rendered":"Home"},"content":{"rendered":"\t\t<div data-elementor-type=\"wp-page\" data-elementor-id=\"135\" class=\"elementor elementor-135\">\n\t\t\t\t<div class=\"elementor-element elementor-element-b55f5a4 e-flex e-con-boxed e-con e-parent\" data-id=\"b55f5a4\" data-element_type=\"container\">\n\t\t\t\t\t<div class=\"e-con-inner\">\n\t\t\t\t<div class=\"elementor-element elementor-element-336c966 elementor-widget elementor-widget-html\" data-id=\"336c966\" data-element_type=\"widget\" data-widget_type=\"html.default\">\n\t\t\t\t<div class=\"elementor-widget-container\">\n\t\t\t\t\t<!DOCTYPE html>\r\n<html lang=\"pt\">\r\n<head>\r\n\r\n<div class=\"bhp-logo-animation\">\r\n    <div class=\"logo-container\">\r\n        <div class=\"grid\"><\/div>\r\n        <div class=\"glow\" id=\"bhp-glow\"><\/div>\r\n        <div class=\"logo\" id=\"bhp-logo\">\r\n            <h1 class=\"logo-text\">BHP<\/h1>\r\n            <div class=\"consulting-wrapper\">\r\n                <p class=\"consulting-text\" id=\"bhp-consulting\">CONSULTING<\/p>\r\n            <\/div>\r\n        <\/div>\r\n    <\/div>\r\n<\/div>\r\n<style>\r\n\r\n<section class=\"hero-quantic\">\r\n  <div class=\"hero-content\">\r\n    <h1 class=\"hero-title\">Universo Corporativo Qu\u00e2ntico<\/h1>\r\n    <p class=\"hero-subtitle\">Transforma\u00e7\u00e3o profunda. Resultados exponenciais. Realidade co-criada.<\/p>\r\n    <a href=\"#roadshow\" class=\"hero-button\">Explorar Roadshow Angola 2025<\/a>\r\n  <\/div>\r\n<\/section>\r\n\r\n  \r\n    @import url('https:\/\/fonts.googleapis.com\/css2?family=Playfair+Display:wght@600;700&family=Montserrat:wght@300;400;500&display=swap');\r\n    \r\n    .bhp-logo-animation {\r\n        position: relative;\r\n        width: 100%;\r\n        height: 80vh;\r\n        min-height: 400px;\r\n        overflow: hidden;\r\n    }\r\n    \r\n    .bhp-logo-animation .logo-container {\r\n        position: relative;\r\n        width: 100%;\r\n        height: 100%;\r\n        display: flex;\r\n        justify-content: center;\r\n        align-items: center;\r\n        background-color: #050a1c;\r\n    }\r\n       .bhp-logo-animation .particle {\r\n        position: absolute;\r\n        background: rgba(64, 156, 255, 0.6);\r\n        border-radius: 50%;\r\n        pointer-events: none;\r\n    }\r\n    \r\n    .bhp-logo-animation .logo {\r\n        position: relative;\r\n        z-index: 10;\r\n        text-align: center;\r\n        opacity: 0;\r\n        transform: scale(0.8);\r\n        transition: all 1.5s cubic-bezier(0.25, 1, 0.5, 1);\r\n    }\r\n    \r\n     .bhp-logo-animation .logo-text {\r\n        color: #0a3b7c;\r\n        font-family: 'Playfair Display', serif;\r\n        font-size: 5rem;\r\n        font-weight: 700;\r\n        letter-spacing: 0.1em;\r\n        text-shadow: 0 0 15px rgba(64, 156, 255, 0.5);\r\n        margin: 0;\r\n        line-height: 1;\r\n    }\r\n    \r\n    .bhp-logo-animation .consulting-text {\r\n        color: #ffffff;\r\n        font-family: 'Montserrat', sans-serif;\r\n        font-size: 1.5rem;\r\n        font-weight: 300;\r\n        letter-spacing: 0.5em;\r\n        margin-top: 0.5rem;\r\n        opacity: 0;\r\n    }\r\n    \r\n     .bhp-logo-animation .consulting-wrapper {\r\n        overflow: visible !important;\r\n        height: auto !important;\r\n        margin-top: 10px;\r\n    }\r\n    \r\n    .bhp-logo-animation .glow {\r\n        position: absolute;\r\n        top: 50%;\r\n        left: 50%;\r\n        transform: translate(-50%, -50%);\r\n        width: 0;\r\n        height: 0;\r\n        background: radial-gradient(circle, rgba(64, 156, 255, 0.3) 0%, rgba(10, 59, 124, 0) 70%);\r\n        border-radius: 50%;\r\n        z-index: 5;\r\n    }\r\n    \r\n     .bhp-logo-animation .grid {\r\n        position: absolute;\r\n        top: 0;\r\n        left: 0;\r\n        width: 100%;\r\n        height: 100%;\r\n        background-image: \r\n            linear-gradient(rgba(64, 156, 255, 0.05) 1px, transparent 1px),\r\n            linear-gradient(90deg, rgba(64, 156, 255, 0.05) 1px, transparent 1px);\r\n        background-size: 40px 40px;\r\n        opacity: 0;\r\n        animation: bhp-fadeInGrid 2s ease-in-out forwards;\r\n        animation-delay: 0.5s;\r\n    }\r\n\r\n.bhp-logo-animation .node {\r\n        position: absolute;\r\n        width: 4px;\r\n        height: 4px;\r\n        background-color: rgba(64, 156, 255, 0.5);\r\n        border-radius: 50%;\r\n        opacity: 0;\r\n    }\r\n    \r\n    .bhp-logo-animation .connection {\r\n        position: absolute;\r\n        height: 1px;\r\n        background-color: rgba(64, 156, 255, 0.2);\r\n        transform-origin: left center;\r\n        opacity: 0;\r\n    }\r\n\r\n\r\n    @keyframes bhp-fadeInGrid {\r\n        0% { opacity: 0; }\r\n        100% { opacity: 0.3; }\r\n    }\r\n    \r\n    \/* Responsividade *\/\r\n    @media (max-width: 768px) {\r\n        .bhp-logo-animation .logo-text {\r\n            font-size: 3.5rem;\r\n        }\r\n        \r\n        .bhp-logo-animation .consulting-text {\r\n            font-size: 1rem;\r\n        }\r\n    }\r\n    \r\n     @media (max-width: 480px) {\r\n        .bhp-logo-animation .logo-text {\r\n            font-size: 2.5rem;\r\n        }\r\n        \r\n        .bhp-logo-animation .consulting-text {\r\n            font-size: 0.8rem;\r\n        }\r\n    }\r\n    .hero-quantic {\r\n  background-color: #ffffff;\r\n  height: 100vh;\r\n  display: flex;\r\n  align-items: center;\r\n  justify-content: center;\r\n  text-align: center;\r\n  padding: 0 20px;\r\n  color: #0d1a3f;\r\n}\r\n\r\n.hero-content {\r\n  max-width: 900px;\r\n  animation: fadeInUp 1s ease-out;\r\n}\r\n\r\n.hero-title {\r\n  font-size: 3.5rem;\r\n  font-weight: 700;\r\n  margin-bottom: 1rem;\r\n  color: #0d1a3f; \/* Azul escuro para contraste *\/\r\n}\r\n\r\n.hero-subtitle {\r\n  font-size: 1.5rem;\r\n  color: #444;\r\n  margin-bottom: 2rem;\r\n}\r\n\r\n.hero-button {\r\n  background-color: #0d1a3f;\r\n  color: #fff;\r\n  padding: 15px 30px;\r\n  font-size: 1.1rem;\r\n  border: none;\r\n  border-radius: 50px;\r\n  text-decoration: none;\r\n  transition: background-color 0.3s ease;\r\n}\r\n\r\n.hero-button:hover {\r\n  background-color: #1a2a60;\r\n}\r\n\r\n\/* Anima\u00e7\u00e3o suave *\/\r\n@keyframes fadeInUp {\r\n  from {\r\n    opacity: 0;\r\n    transform: translateY(40px);\r\n  }\r\n  to {\r\n    opacity: 1;\r\n    transform: translateY(0);\r\n  }\r\n}\r\n\r\n<\/style>\r\n\r\n<script>\r\n    (function() {\r\n        \/\/ Aguardar o carregamento do DOM\r\n        function bhpInitAnimation() {\r\n            const logoContainer = document.querySelector('.bhp-logo-animation .logo-container');\r\n            const logo = document.getElementById('bhp-logo');\r\n            const consulting = document.getElementById('bhp-consulting');\r\n            const glow = document.getElementById('bhp-glow');\r\n            \r\n            if (!logoContainer || !logo || !consulting || !glow) {\r\n                console.error('Elementos da anima\u00e7\u00e3o BHP n\u00e3o encontrados');\r\n                return;\r\n            }\r\n            \r\n              \/\/ Criar part\u00edculas\r\n            function createParticles(count) {\r\n                for (let i = 0; i < count; i++) {\r\n                    const particle = document.createElement('div');\r\n                    particle.classList.add('particle');\r\n                    \r\n                    const size = Math.random() * 4 + 1;\r\n                    const containerWidth = logoContainer.offsetWidth;\r\n                    const containerHeight = logoContainer.offsetHeight;\r\n                    const x = Math.random() * containerWidth;\r\n                    const y = Math.random() * containerHeight;\r\n                    \r\n                    particle.style.width = `${size}px`;\r\n                    particle.style.height = `${size}px`;\r\n                    particle.style.left = `${x}px`;\r\n                    particle.style.top = `${y}px`;\r\n                    particle.style.opacity = Math.random() * 0.5;\r\n                    \r\n                    logoContainer.appendChild(particle);\r\n                    \r\n                    \/\/ Animar part\u00edculas\r\n                    animateParticle(particle, containerWidth, containerHeight);\r\n                }\r\n            }\r\n            \r\n             function animateParticle(particle, containerWidth, containerHeight) {\r\n                const duration = Math.random() * 50 + 30;\r\n                const targetX = Math.random() * containerWidth;\r\n                const targetY = Math.random() * containerHeight;\r\n                \r\n                particle.style.transition = `all ${duration}s linear`;\r\n                \r\n                setTimeout(() => {\r\n                    particle.style.left = `${targetX}px`;\r\n                    particle.style.top = `${targetY}px`;\r\n                }, 100);\r\n\r\n\r\n                setTimeout(() => {\r\n                    if (particle.parentNode) {\r\n                        logoContainer.removeChild(particle);\r\n                        const newParticle = document.createElement('div');\r\n                        newParticle.classList.add('particle');\r\n                        \r\n                        const size = Math.random() * 4 + 1;\r\n                        const x = Math.random() * containerWidth;\r\n                        const y = Math.random() * containerHeight;\r\n                        \r\n                        newParticle.style.width = `${size}px`;\r\n                        newParticle.style.height = `${size}px`;\r\n                        newParticle.style.left = `${x}px`;\r\n                        newParticle.style.top = `${y}px`;\r\n                        newParticle.style.opacity = Math.random() * 0.5;\r\n                        \r\n                        logoContainer.appendChild(newParticle);\r\n                        animateParticle(newParticle, containerWidth, containerHeight);\r\n                    }\r\n                }, duration * 1000);\r\n            }\r\n            \r\n     \r\n            function createQuantumNetwork(nodeCount, connectionCount) {\r\n                const nodes = [];\r\n                const containerWidth = logoContainer.offsetWidth;\r\n                const containerHeight = logoContainer.offsetHeight;\r\n                \r\n                         for (let i = 0; i < nodeCount; i++) {\r\n                    const node = document.createElement('div');\r\n                    node.classList.add('node');\r\n                    \r\n                    const x = Math.random() * containerWidth;\r\n                    const y = Math.random() * containerHeight;\r\n                    \r\n                    node.style.left = `${x}px`;\r\n                    node.style.top = `${y}px`;\r\n                    \r\n                    logoContainer.appendChild(node);\r\n                    nodes.push({element: node, x, y});\r\n                    \r\n                     \/\/ Animar aparecimento do n\u00f3\r\n                    setTimeout(() => {\r\n                        node.style.transition = 'opacity 1.5s ease-in-out';\r\n                        node.style.opacity = 0.7;\r\n                    }, i * 50 + 500);\r\n                }\r\n                \r\n                \/\/ Criar conex\u00f5es\r\n                for (let i = 0; i < connectionCount; i++) {\r\n                    const connection = document.createElement('div');\r\n                    connection.classList.add('connection');\r\n                    \r\n                    const nodeA = nodes[Math.floor(Math.random() * nodes.length)];\r\n                    const nodeB = nodes[Math.floor(Math.random() * nodes.length)];\r\n\r\n\r\n                    if (nodeA !== nodeB) {\r\n                        const dx = nodeB.x - nodeA.x;\r\n                        const dy = nodeB.y - nodeA.y;\r\n                        const distance = Math.sqrt(dx * dx + dy * dy);\r\n                        const angle = Math.atan2(dy, dx) * 180 \/ Math.PI;\r\n                        \r\n                        connection.style.width = `${distance}px`;\r\n                        connection.style.left = `${nodeA.x}px`;\r\n                        connection.style.top = `${nodeA.y}px`;\r\n                        connection.style.transform = `rotate(${angle}deg)`;\r\n                        \r\n                        logoContainer.appendChild(connection);\r\n                        \r\n                            \/\/ Animar aparecimento da conex\u00e3o\r\n                        setTimeout(() => {\r\n                            connection.style.transition = 'opacity 2s ease-in-out';\r\n                            connection.style.opacity = 0.6;\r\n                        }, i * 30 + 1000);\r\n                    }\r\n                }\r\n            }\r\n            \r\n            \/\/ Iniciar sequ\u00eancia de anima\u00e7\u00e3o\r\n            setTimeout(() => {\r\n                \/\/ Expandir brilho\r\n                glow.style.transition = 'all 2s cubic-bezier(0.25, 1, 0.5, 1)';\r\n                glow.style.width = '300px';\r\n                glow.style.height = '300px';\r\n                glow.style.opacity = '1';\r\n                \r\n                 \/\/ Fade in logo\r\n                setTimeout(() => {\r\n                    logo.style.opacity = '1';\r\n                    logo.style.transform = 'scale(1)';\r\n                    \r\n                    \/\/ Animar texto \"CONSULTING\"\r\n                    setTimeout(() => {\r\n                        consulting.style.transition = 'opacity 1.5s ease-in-out';\r\n                        consulting.style.opacity = '1';\r\n                    }, 1000);\r\n                }, 1000);\r\n            }, 500);\r\n            \r\n            \/\/ Criar elementos de fundo\r\n            createParticles(30);\r\n            createQuantumNetwork(20, 25);\r\n            \r\n             \/\/ Ajustar para responsividade\r\n            window.addEventListener('resize', function() {\r\n                \/\/ Limpar elementos existentes\r\n                const particles = document.querySelectorAll('.bhp-logo-animation .particle');\r\n                const nodes = document.querySelectorAll('.bhp-logo-animation .node');\r\n                const connections = document.querySelectorAll('.bhp-logo-animation .connection');\r\n                \r\n                particles.forEach(p => p.remove());\r\n                nodes.forEach(n => n.remove());\r\n                connections.forEach(c => c.remove());\r\n                \r\n                \/\/ Recriar com novas dimens\u00f5es\r\n                createParticles(30);\r\n                createQuantumNetwork(20, 25);\r\n            });\r\n        }\r\n        \r\n        \/\/ Verificar se o DOM j\u00e1 est\u00e1 carregado\r\n        if (document.readyState === 'loading') {\r\n            document.addEventListener('DOMContentLoaded', bhpInitAnimation);\r\n        } else {\r\n            bhpInitAnimation();\r\n        }\r\n        \r\n        \/\/ Garantir que a anima\u00e7\u00e3o seja inicializada mesmo em carregamentos tardios\r\n        window.addEventListener('load', bhpInitAnimation);\r\n    })();\r\n<\/script>\r\n\r\n<section class=\"hero-quantic\">\r\n  <div class=\"hero-content\">\r\n    <h1 class=\"hero-title\">Universo Corporativo Qu\u00e2ntico<\/h1>\r\n    <p class=\"hero-subtitle\">Transforma\u00e7\u00e3o profunda. Resultados exponenciais. Realidade co-criada.<\/p>\r\n    <a href=\"#descobrir\" class=\"hero-button\">Descobrir Mais<\/a>\r\n  <\/div>\r\n   <\/section>\r\n  \r\n <style> \r\n.hero-quantic {\r\n  background-color: #ffffff;\r\n  height: 100vh;\r\n  display: flex;\r\n  align-items: center;\r\n  justify-content: center;\r\n  text-align: center;\r\n  padding: 0 20px;\r\n  color: #0d1a3f;\r\n}\r\n\r\n.hero-content {\r\n  max-width: 900px;\r\n  animation: fadeInUp 1s ease-out;\r\n}\r\n\r\n.hero-title {\r\n  font-size: 3.5rem;\r\n  font-weight: 700;\r\n  margin-bottom: 1rem;\r\n  color: #0d1a3f; \/* Azul escuro para contraste *\/\r\n}\r\n\r\n.hero-subtitle {\r\n  font-size: 1.5rem;\r\n  color: #444;\r\n  margin-bottom: 2rem;\r\n}\r\n\r\n.hero-button {\r\n  background-color: #0d1a3f;\r\n  color: #fff;\r\n  padding: 15px 30px;\r\n  font-size: 1.1rem;\r\n  border: none;\r\n  border-radius: 50px;\r\n  text-decoration: none;\r\n  transition: background-color 0.3s ease;\r\n}\r\n\r\n.hero-button:hover {\r\n  background-color: #1a2a60;\r\n}\r\n\r\n\/* Anima\u00e7\u00e3o suave *\/\r\n@keyframes fadeInUp {\r\n  from {\r\n    opacity: 0;\r\n    transform: translateY(40px);\r\n  }\r\n  to {\r\n    opacity: 1;\r\n    transform: translateY(0);\r\n  }\r\n}\r\n   \r\n    body {\r\n      margin: 0;\r\n      font-family: Arial, sans-serif;\r\n      background-color: #ffffff;\r\n    }\r\n\r\n\r\n<style>\r\n\r\n  \r\n\r\n\r\n .cards-section {\r\n  display: flex !important;\r\n  flex-direction: row !important;\r\n  justify-content: center !important;\r\n  align-items: stretch !important;\r\n  gap: 2rem !important;\r\n  flex-wrap: nowrap !important;    \/* n\u00e3o deixar empilhar *\/\r\n  margin-top: 4rem !important;\r\n  clear: both !important;\r\n}\r\n\r\n.cards-section .card {\r\n  flex: 0 0 auto !important;\r\n  width: 300px !important;\r\n}\r\n\r\n  .card {\r\n    width: 300px;\r\n    height: 200px;\r\n    perspective: 1000px;\r\n  }\r\n\r\n  .card-inner {\r\n    position: relative;\r\n    width: 100%;\r\n    height: 100%;\r\n    transform-style: preserve-3d;\r\n    transition: transform 0.8s ease;\r\n  }\r\n\r\n  .card:hover .card-inner {\r\n    transform: rotateY(180deg);\r\n  }\r\n\r\n  .card-front,\r\n  .card-back {\r\n    position: absolute;\r\n    width: 100%;\r\n    height: 100%;\r\n    backface-visibility: hidden;\r\n    border-radius: 12px;\r\n    box-shadow: 0 4px 20px rgba(0, 0, 0, 0.1);\r\n    display: flex;\r\n    align-items: center;\r\n    justify-content: center;\r\n    font-weight: bold;\r\n    font-size: 1.1rem;\r\n    text-align: center;\r\n    padding: 1rem;\r\n  }\r\n\r\n  .card-front {\r\n    background: #003366;\r\n    color: white;\r\n  }\r\n\r\n  .card-back {\r\n    background: #f0f0f0;\r\n    color: #333;\r\n    transform: rotateY(180deg);\r\n  }\r\n\r\n  .card-back a {\r\n    display: inline-block;\r\n    margin-top: 0.5rem;\r\n    color: #003366;\r\n    text-decoration: underline;\r\n    font-weight: normal;\r\n    font-size: 0.95rem;\r\n  }\r\n<style>\r\n\r\n  .cards-section {\r\n    display: flex;\r\n    justify-content: center;\r\n    align-items: stretch;\r\n    gap: 2rem;\r\n    padding: 4rem 2rem;\r\n    background-color: white;\r\n    flex-wrap: wrap;\r\n  }\r\n\r\n  .card {\r\n    background: none;\r\n    width: 300px;\r\n    height: 200px;\r\n    perspective: 1000px;\r\n    flex: 0 0 auto;\r\n  }\r\n\r\n  .card-inner {\r\n    position: relative;\r\n    width: 100%;\r\n    height: 100%;\r\n    transition: transform 0.8s ease;\r\n    transform-style: preserve-3d;\r\n  }\r\n\r\n  .card:hover .card-inner {\r\n    transform: rotateY(180deg);\r\n  }\r\n\r\n  .card-front,\r\n  .card-back {\r\n    position: absolute;\r\n    width: 100%;\r\n    height: 100%;\r\n    backface-visibility: hidden;\r\n    border-radius: 12px;\r\n    box-shadow: 0 4px 20px rgba(0, 0, 0, 0.1);\r\n    display: flex;\r\n    flex-direction: column;\r\n    align-items: center;\r\n    justify-content: center;\r\n    padding: 1.5rem;\r\n    font-family: sans-serif;\r\n    font-size: 1rem;\r\n    text-align: center;\r\n  }\r\n\r\n  .card-front {\r\n    background-color: #003366;\r\n    color: white;\r\n  }\r\n\r\n  .card-back {\r\n    background-color: #f0f0f0;\r\n    color: #003366;\r\n    transform: rotateY(180deg);\r\n  }\r\n\r\n  .card-back a {\r\n    margin-top: 1rem;\r\n    color: #003366;\r\n    font-weight: bold;\r\n    text-decoration: underline;\r\n  }\r\n\r\n  \/* Responsivo: empilha os cards em ecr\u00e3s pequenos *\/\r\n  @media (max-width: 900px) \r\n  {\r\n    .cards-section {\r\n      flex-direction: column;\r\n      align-items: center;\r\n    }\r\n    \r\n<\/style>\r\n\r\n<\/head>\r\n\r\n<body>\r\n\r\n  <section class=\"cards-section\">\r\n    <div class=\"card\">\r\n      <div class=\"card-inner\">\r\n        <div class=\"card-front\">\r\n          Consultoria Organizacional\r\n        <\/div>\r\n        <div class=\"card-back\">\r\n          Alinhe vis\u00e3o, processos e equipas com intelig\u00eancia qu\u00e2ntica.\r\n          <a href=\"consultoria.html\">Saber mais<\/a>\r\n        <\/div>\r\n      <\/div>\r\n    <\/div>\r\n\r\n    <div class=\"card\">\r\n      <div class=\"card-inner\">\r\n        <div class=\"card-front\">\r\n          Consultoria Pessoal\r\n        <\/div>\r\n        <div class=\"card-back\">\r\n          Descubra o seu potencial e transforme a sua vida profissional.\r\n          <a href=\"consultoria-pessoal.html\">Saber mais<\/a>\r\n        <\/div>\r\n      <\/div>\r\n    <\/div>\r\n\r\n    <div class=\"card\">\r\n      <div class=\"card-inner\">\r\n        <div class=\"card-front\">\r\n          Metodologia Qu\u00e2ntica\r\n        <\/div>\r\n        <div class=\"card-back\">\r\n          A ci\u00eancia que revoluciona a cultura corporativa moderna.\r\n          <a href=\"metodologia.html\">Saber mais<\/a>\r\n        <\/div>\r\n      <\/div>\r\n    <\/div>\r\n  <\/section>\r\n  \r\n  \r\n  <footer>\r\n    <p>&copy; 2025 LeadYourSelf Africa. Todos os direitos reservados.<\/p>\r\n  <\/footer>\r\n\r\n<\/body>\r\n<\/html>\t\t\t\t<\/div>\n\t\t\t\t<\/div>\n\t\t\t\t\t<\/div>\n\t\t\t\t<\/div>\n\t\t\t\t<\/div>\n\t\t","protected":false},"excerpt":{"rendered":"<p>BHP CONSULTING Universo Corporativo Qu\u00e2ntico Transforma\u00e7\u00e3o profunda. Resultados exponenciais. Realidade co-criada. Descobrir Mais Consultoria Organizacional Alinhe vis\u00e3o, processos e equipas [&hellip;]<\/p>\n","protected":false},"author":1,"featured_media":0,"parent":0,"menu_order":0,"comment_status":"closed","ping_status":"closed","template":"elementor_canvas","meta":{"site-sidebar-layout":"no-sidebar","site-content-layout":"","ast-site-content-layout":"full-width-container","site-content-style":"default","site-sidebar-style":"default","ast-global-header-display":"","ast-banner-title-visibility":"","ast-main-header-display":"","ast-hfb-above-header-display":"","ast-hfb-below-header-display":"","ast-hfb-mobile-header-display":"","site-post-title":"disabled","ast-breadcrumbs-content":"","ast-featured-img":"disabled","footer-sml-layout":"","theme-transparent-header-meta":"","adv-header-id-meta":"","stick-header-meta":"","header-above-stick-meta":"","header-main-stick-meta":"","header-below-stick-meta":"","astra-migrate-meta-layouts":"default","ast-page-background-enabled":"default","ast-page-background-meta":{"desktop":{"background-color":"var(--ast-global-color-5)","background-image":"","background-repeat":"repeat","background-position":"center center","background-size":"auto","background-attachment":"scroll","background-type":"","background-media":"","overlay-type":"","overlay-color":"","overlay-opacity":"","overlay-gradient":""},"tablet":{"background-color":"","background-image":"","background-repeat":"repeat","background-position":"center center","background-size":"auto","background-attachment":"scroll","background-type":"","background-media":"","overlay-type":"","overlay-color":"","overlay-opacity":"","overlay-gradient":""},"mobile":{"background-color":"","background-image":"","background-repeat":"repeat","background-position":"center center","background-size":"auto","background-attachment":"scroll","background-type":"","background-media":"","overlay-type":"","overlay-color":"","overlay-opacity":"","overlay-gradient":""}},"ast-content-background-meta":{"desktop":{"background-color":"var(--ast-global-color-4)","background-image":"","background-repeat":"repeat","background-position":"center center","background-size":"auto","background-attachment":"scroll","background-type":"","background-media":"","overlay-type":"","overlay-color":"","overlay-opacity":"","overlay-gradient":""},"tablet":{"background-color":"var(--ast-global-color-4)","background-image":"","background-repeat":"repeat","background-position":"center center","background-size":"auto","background-attachment":"scroll","background-type":"","background-media":"","overlay-type":"","overlay-color":"","overlay-opacity":"","overlay-gradient":""},"mobile":{"background-color":"var(--ast-global-color-4)","background-image":"","background-repeat":"repeat","background-position":"center center","background-size":"auto","background-attachment":"scroll","background-type":"","background-media":"","overlay-type":"","overlay-color":"","overlay-opacity":"","overlay-gradient":""}},"footnotes":""},"class_list":["post-135","page","type-page","status-publish","hentry"],"_links":{"self":[{"href":"https:\/\/bhp.leadyourselfafrica.com\/index.php\/wp-json\/wp\/v2\/pages\/135","targetHints":{"allow":["GET"]}}],"collection":[{"href":"https:\/\/bhp.leadyourselfafrica.com\/index.php\/wp-json\/wp\/v2\/pages"}],"about":[{"href":"https:\/\/bhp.leadyourselfafrica.com\/index.php\/wp-json\/wp\/v2\/types\/page"}],"author":[{"embeddable":true,"href":"https:\/\/bhp.leadyourselfafrica.com\/index.php\/wp-json\/wp\/v2\/users\/1"}],"replies":[{"embeddable":true,"href":"https:\/\/bhp.leadyourselfafrica.com\/index.php\/wp-json\/wp\/v2\/comments?post=135"}],"version-history":[{"count":40,"href":"https:\/\/bhp.leadyourselfafrica.com\/index.php\/wp-json\/wp\/v2\/pages\/135\/revisions"}],"predecessor-version":[{"id":206,"href":"https:\/\/bhp.leadyourselfafrica.com\/index.php\/wp-json\/wp\/v2\/pages\/135\/revisions\/206"}],"wp:attachment":[{"href":"https:\/\/bhp.leadyourselfafrica.com\/index.php\/wp-json\/wp\/v2\/media?parent=135"}],"curies":[{"name":"wp","href":"https:\/\/api.w.org\/{rel}","templated":true}]}}