{"id":2,"date":"2024-11-10T15:22:55","date_gmt":"2024-11-10T15:22:55","guid":{"rendered":"https:\/\/bhp.leadyourselfafrica.com\/?page_id=2"},"modified":"2024-11-13T20:16:01","modified_gmt":"2024-11-13T20:16:01","slug":"sample-page","status":"publish","type":"page","link":"https:\/\/bhp.leadyourselfafrica.com\/index.php\/sample-page\/","title":{"rendered":"INTELIG\u00caNCIA QU\u00c2NTICA"},"content":{"rendered":"\n<p><strong>Intelig\u00eancia Qu\u00e2ntica<\/strong>&nbsp;\u00e9 um conceito que vai al\u00e9m da intelig\u00eancia cognitiva e emocional, incorporando princ\u00edpios da f\u00edsica qu\u00e2ntica para explorar novas formas de percep\u00e7\u00e3o, tomada de decis\u00e3o e consci\u00eancia no ambiente organizacional e na vida pessoal. Diferente das abordagens tradicionais, a intelig\u00eancia qu\u00e2ntica envolve uma compreens\u00e3o hol\u00edstica e integrada da realidade, onde as conex\u00f5es e interdepend\u00eancias entre pensamentos, emo\u00e7\u00f5es e a\u00e7\u00f5es influenciam diretamente os resultados.<\/p>\n\n\n\n<p>Em um contexto pr\u00e1tico, a intelig\u00eancia qu\u00e2ntica ensina a operar com maior flexibilidade e adaptabilidade, promovendo uma mentalidade aberta a m\u00faltiplas possibilidades e resultados potenciais. Ela tamb\u00e9m destaca a import\u00e2ncia de estados mentais e emocionais, mostrando como pensamentos e inten\u00e7\u00f5es podem impactar o ambiente e as rela\u00e7\u00f5es. Assim, ao incorporar a intelig\u00eancia qu\u00e2ntica, l\u00edderes e organiza\u00e7\u00f5es podem transformar sua abordagem, cultivando ambientes mais conscientes, inovadores e alinhados com um prop\u00f3sito maior.<\/p>\n\n\n\n<p>Em resumo, \u00e9 uma intelig\u00eancia que integra raz\u00e3o, emo\u00e7\u00e3o e intui\u00e7\u00e3o para possibilitar uma lideran\u00e7a e uma vida mais conectadas e transformadoras, onde o &#8220;todo&#8221; \u00e9 valorizado tanto quanto as &#8220;partes&#8221;.<\/p>\n","protected":false},"excerpt":{"rendered":"<p>Intelig\u00eancia Qu\u00e2ntica&nbsp;\u00e9 um conceito que vai al\u00e9m da intelig\u00eancia cognitiva e emocional, incorporando princ\u00edpios da f\u00edsica qu\u00e2ntica para explorar novas [&hellip;]<\/p>\n","protected":false},"author":1,"featured_media":62,"parent":0,"menu_order":0,"comment_status":"closed","ping_status":"open","template":"","meta":{"site-sidebar-layout":"default","site-content-layout":"","ast-site-content-layout":"","site-content-style":"default","site-sidebar-style":"default","ast-global-header-display":"","ast-banner-title-visibility":"","ast-main-header-display":"","ast-hfb-above-header-display":"","ast-hfb-below-header-display":"","ast-hfb-mobile-header-display":"","site-post-title":"","ast-breadcrumbs-content":"","ast-featured-img":"","footer-sml-layout":"","theme-transparent-header-meta":"","adv-header-id-meta":"","stick-header-meta":"","header-above-stick-meta":"","header-main-stick-meta":"","header-below-stick-meta":"","astra-migrate-meta-layouts":"default","ast-page-background-enabled":"default","ast-page-background-meta":{"desktop":{"background-color":"var(--ast-global-color-5)","background-image":"","background-repeat":"repeat","background-position":"center center","background-size":"auto","background-attachment":"scroll","background-type":"","background-media":"","overlay-type":"","overlay-color":"","overlay-opacity":"","overlay-gradient":""},"tablet":{"background-color":"","background-image":"","background-repeat":"repeat","background-position":"center center","background-size":"auto","background-attachment":"scroll","background-type":"","background-media":"","overlay-type":"","overlay-color":"","overlay-opacity":"","overlay-gradient":""},"mobile":{"background-color":"","background-image":"","background-repeat":"repeat","background-position":"center center","background-size":"auto","background-attachment":"scroll","background-type":"","background-media":"","overlay-type":"","overlay-color":"","overlay-opacity":"","overlay-gradient":""}},"ast-content-background-meta":{"desktop":{"background-color":"var(--ast-global-color-4)","background-image":"","background-repeat":"repeat","background-position":"center center","background-size":"auto","background-attachment":"scroll","background-type":"","background-media":"","overlay-type":"","overlay-color":"","overlay-opacity":"","overlay-gradient":""},"tablet":{"background-color":"var(--ast-global-color-4)","background-image":"","background-repeat":"repeat","background-position":"center center","background-size":"auto","background-attachment":"scroll","background-type":"","background-media":"","overlay-type":"","overlay-color":"","overlay-opacity":"","overlay-gradient":""},"mobile":{"background-color":"var(--ast-global-color-4)","background-image":"","background-repeat":"repeat","background-position":"center center","background-size":"auto","background-attachment":"scroll","background-type":"","background-media":"","overlay-type":"","overlay-color":"","overlay-opacity":"","overlay-gradient":""}},"footnotes":""},"class_list":["post-2","page","type-page","status-publish","has-post-thumbnail","hentry"],"_links":{"self":[{"href":"https:\/\/bhp.leadyourselfafrica.com\/index.php\/wp-json\/wp\/v2\/pages\/2","targetHints":{"allow":["GET"]}}],"collection":[{"href":"https:\/\/bhp.leadyourselfafrica.com\/index.php\/wp-json\/wp\/v2\/pages"}],"about":[{"href":"https:\/\/bhp.leadyourselfafrica.com\/index.php\/wp-json\/wp\/v2\/types\/page"}],"author":[{"embeddable":true,"href":"https:\/\/bhp.leadyourselfafrica.com\/index.php\/wp-json\/wp\/v2\/users\/1"}],"replies":[{"embeddable":true,"href":"https:\/\/bhp.leadyourselfafrica.com\/index.php\/wp-json\/wp\/v2\/comments?post=2"}],"version-history":[{"count":3,"href":"https:\/\/bhp.leadyourselfafrica.com\/index.php\/wp-json\/wp\/v2\/pages\/2\/revisions"}],"predecessor-version":[{"id":63,"href":"https:\/\/bhp.leadyourselfafrica.com\/index.php\/wp-json\/wp\/v2\/pages\/2\/revisions\/63"}],"wp:featuredmedia":[{"embeddable":true,"href":"https:\/\/bhp.leadyourselfafrica.com\/index.php\/wp-json\/wp\/v2\/media\/62"}],"wp:attachment":[{"href":"https:\/\/bhp.leadyourselfafrica.com\/index.php\/wp-json\/wp\/v2\/media?parent=2"}],"curies":[{"name":"wp","href":"https:\/\/api.w.org\/{rel}","templated":true}]}}