{"id":38,"date":"2024-11-13T19:07:10","date_gmt":"2024-11-13T19:07:10","guid":{"rendered":"https:\/\/bhp.leadyourselfafrica.com\/?page_id=38"},"modified":"2024-11-18T17:58:43","modified_gmt":"2024-11-18T17:58:43","slug":"os-nossos-servicos-corporativos","status":"publish","type":"page","link":"https:\/\/bhp.leadyourselfafrica.com\/index.php\/os-nossos-servicos-corporativos\/","title":{"rendered":"Business Consulting"},"content":{"rendered":"\n<p>Na vanguarda da inova\u00e7\u00e3o e da excel\u00eancia, oferecemos servi\u00e7os de consultoria corporativa especialmente desenhados para o din\u00e2mico e promissor mercado africano. A nossa abordagem combina solu\u00e7\u00f5es estrat\u00e9gicas tradicionais com metodologias disruptivas, conectando tecnologia, sustentabilidade e desenvolvimento humano.<\/p>\n\n\n\n<p>Acreditamos no potencial transformador das empresas africanas e trabalhamos lado a lado com l\u00edderes e organiza\u00e7\u00f5es para enfrentar os desafios do presente e aproveitar as oportunidades do futuro. Nossos servi\u00e7os abrangem desde lideran\u00e7a baseada em intelig\u00eancia qu\u00e2ntica e transforma\u00e7\u00e3o digital at\u00e9 estrat\u00e9gias de ESG e inova\u00e7\u00e3o social, garantindo que cada projeto n\u00e3o apenas atinja seus objetivos, mas tamb\u00e9m contribua para um impacto positivo duradouro.<\/p>\n\n\n\n<p>Seja para impulsionar sua organiza\u00e7\u00e3o rumo \u00e0 excel\u00eancia ou para criar solu\u00e7\u00f5es que moldem um futuro mais sustent\u00e1vel, estamos aqui para oferecer insights \u00fanicos, ferramentas inovadoras e um compromisso inabal\u00e1vel com o sucesso. <\/p>\n\n\n\n<p><strong>Junte-se a n\u00f3s e lidere a mudan\u00e7a.<\/strong><\/p>\n\n\n\n<p><\/p>\n\n\n\n<h4 class=\"wp-block-heading\">BUSINESS CONSULTING E TREINO DE ALTO IMPACTO<\/h4>\n\n\n\n<figure class=\"wp-block-embed is-type-video is-provider-youtube wp-block-embed-youtube wp-embed-aspect-16-9 wp-has-aspect-ratio\"><div class=\"wp-block-embed__wrapper\">\n<div class=\"ast-oembed-container \" style=\"height: 100%;\"><iframe title=\"Lead YourSelf - The Vanguard of Leadership | Consultoria e Treino de Alto Impacto\" width=\"500\" height=\"281\" src=\"https:\/\/www.youtube.com\/embed\/JSEOaI7LW8Y?feature=oembed\" frameborder=\"0\" allow=\"accelerometer; autoplay; clipboard-write; encrypted-media; gyroscope; picture-in-picture; web-share\" referrerpolicy=\"strict-origin-when-cross-origin\" allowfullscreen><\/iframe><\/div>\n<\/div><\/figure>\n\n\n\n<div class=\"wp-block-columns is-layout-flex wp-container-core-columns-is-layout-28f84493 wp-block-columns-is-layout-flex\">\n<div class=\"wp-block-column is-layout-flow wp-block-column-is-layout-flow\" style=\"flex-basis:100%\">\n<div class=\"wp-block-buttons is-content-justification-center is-layout-flex wp-container-core-buttons-is-layout-a89b3969 wp-block-buttons-is-layout-flex\">\n<div class=\"wp-block-button\"><a class=\"wp-block-button__link wp-element-button\" href=\"https:\/\/www.leadyourselfafrica.com\/corporativo-2\/\">OS NOSSOS SERVI\u00c7OS<\/a><\/div>\n<\/div>\n<\/div>\n<\/div>\n\n\n\n<p><\/p>\n","protected":false},"excerpt":{"rendered":"<p>Na vanguarda da inova\u00e7\u00e3o e da excel\u00eancia, oferecemos servi\u00e7os de consultoria corporativa especialmente desenhados para o din\u00e2mico e promissor mercado [&hellip;]<\/p>\n","protected":false},"author":1,"featured_media":50,"parent":0,"menu_order":0,"comment_status":"closed","ping_status":"closed","template":"","meta":{"site-sidebar-layout":"default","site-content-layout":"","ast-site-content-layout":"","site-content-style":"default","site-sidebar-style":"default","ast-global-header-display":"","ast-banner-title-visibility":"","ast-main-header-display":"","ast-hfb-above-header-display":"","ast-hfb-below-header-display":"","ast-hfb-mobile-header-display":"","site-post-title":"","ast-breadcrumbs-content":"","ast-featured-img":"","footer-sml-layout":"","theme-transparent-header-meta":"","adv-header-id-meta":"","stick-header-meta":"","header-above-stick-meta":"","header-main-stick-meta":"","header-below-stick-meta":"","astra-migrate-meta-layouts":"default","ast-page-background-enabled":"default","ast-page-background-meta":{"desktop":{"background-color":"var(--ast-global-color-5)","background-image":"","background-repeat":"repeat","background-position":"center center","background-size":"auto","background-attachment":"scroll","background-type":"","background-media":"","overlay-type":"","overlay-color":"","overlay-opacity":"","overlay-gradient":""},"tablet":{"background-color":"","background-image":"","background-repeat":"repeat","background-position":"center center","background-size":"auto","background-attachment":"scroll","background-type":"","background-media":"","overlay-type":"","overlay-color":"","overlay-opacity":"","overlay-gradient":""},"mobile":{"background-color":"","background-image":"","background-repeat":"repeat","background-position":"center center","background-size":"auto","background-attachment":"scroll","background-type":"","background-media":"","overlay-type":"","overlay-color":"","overlay-opacity":"","overlay-gradient":""}},"ast-content-background-meta":{"desktop":{"background-color":"var(--ast-global-color-4)","background-image":"","background-repeat":"repeat","background-position":"center center","background-size":"auto","background-attachment":"scroll","background-type":"","background-media":"","overlay-type":"","overlay-color":"","overlay-opacity":"","overlay-gradient":""},"tablet":{"background-color":"var(--ast-global-color-4)","background-image":"","background-repeat":"repeat","background-position":"center center","background-size":"auto","background-attachment":"scroll","background-type":"","background-media":"","overlay-type":"","overlay-color":"","overlay-opacity":"","overlay-gradient":""},"mobile":{"background-color":"var(--ast-global-color-4)","background-image":"","background-repeat":"repeat","background-position":"center center","background-size":"auto","background-attachment":"scroll","background-type":"","background-media":"","overlay-type":"","overlay-color":"","overlay-opacity":"","overlay-gradient":""}},"footnotes":""},"class_list":["post-38","page","type-page","status-publish","has-post-thumbnail","hentry"],"_links":{"self":[{"href":"https:\/\/bhp.leadyourselfafrica.com\/index.php\/wp-json\/wp\/v2\/pages\/38","targetHints":{"allow":["GET"]}}],"collection":[{"href":"https:\/\/bhp.leadyourselfafrica.com\/index.php\/wp-json\/wp\/v2\/pages"}],"about":[{"href":"https:\/\/bhp.leadyourselfafrica.com\/index.php\/wp-json\/wp\/v2\/types\/page"}],"author":[{"embeddable":true,"href":"https:\/\/bhp.leadyourselfafrica.com\/index.php\/wp-json\/wp\/v2\/users\/1"}],"replies":[{"embeddable":true,"href":"https:\/\/bhp.leadyourselfafrica.com\/index.php\/wp-json\/wp\/v2\/comments?post=38"}],"version-history":[{"count":10,"href":"https:\/\/bhp.leadyourselfafrica.com\/index.php\/wp-json\/wp\/v2\/pages\/38\/revisions"}],"predecessor-version":[{"id":88,"href":"https:\/\/bhp.leadyourselfafrica.com\/index.php\/wp-json\/wp\/v2\/pages\/38\/revisions\/88"}],"wp:featuredmedia":[{"embeddable":true,"href":"https:\/\/bhp.leadyourselfafrica.com\/index.php\/wp-json\/wp\/v2\/media\/50"}],"wp:attachment":[{"href":"https:\/\/bhp.leadyourselfafrica.com\/index.php\/wp-json\/wp\/v2\/media?parent=38"}],"curies":[{"name":"wp","href":"https:\/\/api.w.org\/{rel}","templated":true}]}}