{"id":40,"date":"2024-11-13T19:08:06","date_gmt":"2024-11-13T19:08:06","guid":{"rendered":"https:\/\/bhp.leadyourselfafrica.com\/?page_id=40"},"modified":"2024-11-20T15:25:50","modified_gmt":"2024-11-20T15:25:50","slug":"os-nossos-servicos-individuais","status":"publish","type":"page","link":"https:\/\/bhp.leadyourselfafrica.com\/index.php\/os-nossos-servicos-individuais\/","title":{"rendered":"SERVI\u00c7OS INDIVIDUAIS"},"content":{"rendered":"\n<p><strong>Foco dos Servi\u00e7os Individuais da  BHP Consulting<\/strong><\/p>\n\n\n\n<p>Na <strong>BHP Consulting<\/strong>, acreditamos que a transforma\u00e7\u00e3o come\u00e7a no indiv\u00edduo. Por isso, os nossos servi\u00e7os individuais s\u00e3o cuidadosamente desenhados para ajudar cada pessoa a explorar e maximizar o seu potencial \u00fanico, bem como as fam\u00edlias<\/p>\n\n\n\n<p><strong>1. Desenvolvimento de Compet\u00eancias de Lideran\u00e7a com Intelig\u00eancia Qu\u00e2ntica:<\/strong><br>Capacitamos l\u00edderes a pensarem e agirem de forma disruptiva, integrando conceitos de Intelig\u00eancia Qu\u00e2ntica para uma lideran\u00e7a mais consciente, inovadora e alinhada com as complexidades do mundo moderno.<\/p>\n\n\n\n<p><strong>2. Coaching Individualizado:<\/strong><br>Oferecemos sess\u00f5es de coaching personalizadas para ajudar os profissionais a superar desafios, definir metas claras e alcan\u00e7ar resultados extraordin\u00e1rios em suas carreiras e vidas pessoais.<\/p>\n\n\n\n<p><strong>3. Gest\u00e3o de Carreira e Marca Pessoal:<\/strong><br>Apoiamos indiv\u00edduos a constru\u00edrem trajet\u00f3rias profissionais s\u00f3lidas e alinhadas com os seus objetivos, enquanto fortalecem a sua marca pessoal no mercado.<\/p>\n\n\n\n<p><strong>4. Forma\u00e7\u00e3o em Soft Skills:<\/strong><br>Desenvolvemos compet\u00eancias essenciais como comunica\u00e7\u00e3o, intelig\u00eancia emocional, resolu\u00e7\u00e3o de conflitos e gest\u00e3o do tempo, fundamentais para o sucesso no ambiente corporativo.<\/p>\n\n\n\n<p><strong>5. Mentoria para Transforma\u00e7\u00e3o Pessoal:<\/strong><br>Guiamos pessoas em processos de autodescoberta e crescimento, ajudando-as a alinhar seus valores e a\u00e7\u00f5es para alcan\u00e7ar maior realiza\u00e7\u00e3o pessoal e profissional.<\/p>\n\n\n\n<p><strong>6. Liberta\u00e7\u00e3o e desconstru\u00e7\u00e3o de cren\u00e7as e sabotadores inconscientes<\/strong><\/p>\n\n\n\n<p><\/p>\n\n\n\n<p>Cada servi\u00e7o \u00e9 entregue com a qualidade e exclusividade que s\u00e3o a marca da Lead YourSelf, garantindo que cada jornada seja t\u00e3o \u00fanica quanto os objetivos de quem nos procura. Transformamos vidas, porque acreditamos que o sucesso de organiza\u00e7\u00f5es e comunidades come\u00e7a na evolu\u00e7\u00e3o do indiv\u00edduo.<\/p>\n\n\n\n<figure class=\"wp-block-image aligncenter size-full\"><img fetchpriority=\"high\" decoding=\"async\" width=\"619\" height=\"322\" src=\"https:\/\/bhp.leadyourselfafrica.com\/wp-content\/uploads\/2024\/11\/bhp5.jpg\" alt=\"\" class=\"wp-image-98\" srcset=\"https:\/\/bhp.leadyourselfafrica.com\/wp-content\/uploads\/2024\/11\/bhp5.jpg 619w, https:\/\/bhp.leadyourselfafrica.com\/wp-content\/uploads\/2024\/11\/bhp5-300x156.jpg 300w\" sizes=\"(max-width: 619px) 100vw, 619px\" \/><\/figure>\n\n\n\n<div class=\"wp-block-buttons is-content-justification-center is-layout-flex wp-container-core-buttons-is-layout-a89b3969 wp-block-buttons-is-layout-flex\">\n<div class=\"wp-block-button\"><a class=\"wp-block-button__link wp-element-button\" href=\"https:\/\/www.leadyourselfafrica.com\/os-nossos-servicos\/individual\/\">Nossos Servi\u00e7os &#8211; Click Aqui<\/a><\/div>\n<\/div>\n\n\n\n<p><\/p>\n","protected":false},"excerpt":{"rendered":"<p>Foco dos Servi\u00e7os Individuais da BHP Consulting Na BHP Consulting, acreditamos que a transforma\u00e7\u00e3o come\u00e7a no indiv\u00edduo. Por isso, os [&hellip;]<\/p>\n","protected":false},"author":1,"featured_media":0,"parent":0,"menu_order":0,"comment_status":"closed","ping_status":"closed","template":"","meta":{"site-sidebar-layout":"default","site-content-layout":"","ast-site-content-layout":"","site-content-style":"default","site-sidebar-style":"default","ast-global-header-display":"","ast-banner-title-visibility":"","ast-main-header-display":"","ast-hfb-above-header-display":"","ast-hfb-below-header-display":"","ast-hfb-mobile-header-display":"","site-post-title":"","ast-breadcrumbs-content":"","ast-featured-img":"","footer-sml-layout":"","theme-transparent-header-meta":"","adv-header-id-meta":"","stick-header-meta":"","header-above-stick-meta":"","header-main-stick-meta":"","header-below-stick-meta":"","astra-migrate-meta-layouts":"default","ast-page-background-enabled":"default","ast-page-background-meta":{"desktop":{"background-color":"var(--ast-global-color-5)","background-image":"","background-repeat":"repeat","background-position":"center center","background-size":"auto","background-attachment":"scroll","background-type":"","background-media":"","overlay-type":"","overlay-color":"","overlay-opacity":"","overlay-gradient":""},"tablet":{"background-color":"","background-image":"","background-repeat":"repeat","background-position":"center center","background-size":"auto","background-attachment":"scroll","background-type":"","background-media":"","overlay-type":"","overlay-color":"","overlay-opacity":"","overlay-gradient":""},"mobile":{"background-color":"","background-image":"","background-repeat":"repeat","background-position":"center center","background-size":"auto","background-attachment":"scroll","background-type":"","background-media":"","overlay-type":"","overlay-color":"","overlay-opacity":"","overlay-gradient":""}},"ast-content-background-meta":{"desktop":{"background-color":"var(--ast-global-color-4)","background-image":"","background-repeat":"repeat","background-position":"center center","background-size":"auto","background-attachment":"scroll","background-type":"","background-media":"","overlay-type":"","overlay-color":"","overlay-opacity":"","overlay-gradient":""},"tablet":{"background-color":"var(--ast-global-color-4)","background-image":"","background-repeat":"repeat","background-position":"center center","background-size":"auto","background-attachment":"scroll","background-type":"","background-media":"","overlay-type":"","overlay-color":"","overlay-opacity":"","overlay-gradient":""},"mobile":{"background-color":"var(--ast-global-color-4)","background-image":"","background-repeat":"repeat","background-position":"center center","background-size":"auto","background-attachment":"scroll","background-type":"","background-media":"","overlay-type":"","overlay-color":"","overlay-opacity":"","overlay-gradient":""}},"footnotes":""},"class_list":["post-40","page","type-page","status-publish","hentry"],"_links":{"self":[{"href":"https:\/\/bhp.leadyourselfafrica.com\/index.php\/wp-json\/wp\/v2\/pages\/40","targetHints":{"allow":["GET"]}}],"collection":[{"href":"https:\/\/bhp.leadyourselfafrica.com\/index.php\/wp-json\/wp\/v2\/pages"}],"about":[{"href":"https:\/\/bhp.leadyourselfafrica.com\/index.php\/wp-json\/wp\/v2\/types\/page"}],"author":[{"embeddable":true,"href":"https:\/\/bhp.leadyourselfafrica.com\/index.php\/wp-json\/wp\/v2\/users\/1"}],"replies":[{"embeddable":true,"href":"https:\/\/bhp.leadyourselfafrica.com\/index.php\/wp-json\/wp\/v2\/comments?post=40"}],"version-history":[{"count":4,"href":"https:\/\/bhp.leadyourselfafrica.com\/index.php\/wp-json\/wp\/v2\/pages\/40\/revisions"}],"predecessor-version":[{"id":103,"href":"https:\/\/bhp.leadyourselfafrica.com\/index.php\/wp-json\/wp\/v2\/pages\/40\/revisions\/103"}],"wp:attachment":[{"href":"https:\/\/bhp.leadyourselfafrica.com\/index.php\/wp-json\/wp\/v2\/media?parent=40"}],"curies":[{"name":"wp","href":"https:\/\/api.w.org\/{rel}","templated":true}]}}