{"id":78,"date":"2024-11-17T15:16:05","date_gmt":"2024-11-17T15:16:05","guid":{"rendered":"https:\/\/bhp.leadyourselfafrica.com\/?page_id=78"},"modified":"2024-11-17T15:31:50","modified_gmt":"2024-11-17T15:31:50","slug":"business-consulting","status":"publish","type":"page","link":"https:\/\/bhp.leadyourselfafrica.com\/index.php\/business-consulting\/","title":{"rendered":"Business Consulting"},"content":{"rendered":"\n<p>Na <strong>BHP Consulting<\/strong>, acreditamos que uma corpora\u00e7\u00e3o \u00e9 mais do que um grupo de pessoas; \u00e9 um corpo \u00fanico, movido por um prop\u00f3sito comum. Mas como alinhar diferentes universos, com caracter\u00edsticas e expectativas pr\u00f3prias, para atuar como um s\u00f3? Essa \u00e9 a pergunta que muitos t\u00eam tentado responder ao longo das d\u00e9cadas, com ferramentas e m\u00e9todos que promovem o alinhamento interno e maximizam o potencial das equipas. E por muito tempo, essas solu\u00e7\u00f5es funcionaram\u2026 at\u00e9 que o mundo mudou.<\/p>\n\n\n\n<p>Hoje, em tempos de transforma\u00e7\u00e3o e reinven\u00e7\u00e3o, m\u00e9todos tradicionais j\u00e1 n\u00e3o s\u00e3o suficientes. As novas gera\u00e7\u00f5es de profissionais n\u00e3o querem apenas trabalhar; querem viver a sua miss\u00e3o, tanto no n\u00edvel pessoal como profissional. Procuram corpora\u00e7\u00f5es que inspirem e alimentem o seu prop\u00f3sito individual, onde possam crescer e se transformar.<\/p>\n\n\n\n<p>\u00c9 aqui que a <strong>BHP Consulting<\/strong> faz a diferen\u00e7a. Somos uma resposta a estas novas exig\u00eancias, oferecendo m\u00e9todos integrados que v\u00e3o muito al\u00e9m da forma\u00e7\u00e3o convencional. N\u00e3o estamos aqui para criar l\u00edderes; estamos aqui para resgatar o l\u00edder que j\u00e1 existe em cada pessoa, projeto e organiza\u00e7\u00e3o. Atrav\u00e9s da desconstru\u00e7\u00e3o de cren\u00e7as limitantes e da introdu\u00e7\u00e3o de soft skills estrat\u00e9gicas, ajudamos as empresas a navegar a transi\u00e7\u00e3o geracional e a prosperar num novo paradigma.<\/p>\n\n\n\n<p>Permita-se evoluir com a Business Performance da Lead YourSelf \u00c1frica, onde a lideran\u00e7a \u00e9 mais do que uma compet\u00eancia: \u00e9 um prop\u00f3sito que desperta e transforma.<\/p>\n\n\n\n<figure class=\"wp-block-image size-full\"><img fetchpriority=\"high\" decoding=\"async\" width=\"853\" height=\"496\" src=\"https:\/\/bhp.leadyourselfafrica.com\/wp-content\/uploads\/2024\/11\/bhp-lOGO-1.png\" alt=\"\" class=\"wp-image-82\" srcset=\"https:\/\/bhp.leadyourselfafrica.com\/wp-content\/uploads\/2024\/11\/bhp-lOGO-1.png 853w, https:\/\/bhp.leadyourselfafrica.com\/wp-content\/uploads\/2024\/11\/bhp-lOGO-1-300x174.png 300w, https:\/\/bhp.leadyourselfafrica.com\/wp-content\/uploads\/2024\/11\/bhp-lOGO-1-768x447.png 768w\" sizes=\"(max-width: 853px) 100vw, 853px\" \/><\/figure>\n\n\n\n<div class=\"wp-block-buttons is-layout-flex wp-block-buttons-is-layout-flex\">\n<div class=\"wp-block-button\"><a class=\"wp-block-button__link has-text-align-center wp-element-button\" href=\"https:\/\/www.leadyourselfafrica.com\/corporativo-2\/\">Os Nossos Servi\u00e7os<\/a><\/div>\n<\/div>\n","protected":false},"excerpt":{"rendered":"<p>Na BHP Consulting, acreditamos que uma corpora\u00e7\u00e3o \u00e9 mais do que um grupo de pessoas; \u00e9 um corpo \u00fanico, movido [&hellip;]<\/p>\n","protected":false},"author":1,"featured_media":79,"parent":0,"menu_order":0,"comment_status":"closed","ping_status":"closed","template":"","meta":{"site-sidebar-layout":"default","site-content-layout":"","ast-site-content-layout":"","site-content-style":"default","site-sidebar-style":"default","ast-global-header-display":"","ast-banner-title-visibility":"","ast-main-header-display":"","ast-hfb-above-header-display":"","ast-hfb-below-header-display":"","ast-hfb-mobile-header-display":"","site-post-title":"","ast-breadcrumbs-content":"","ast-featured-img":"","footer-sml-layout":"","theme-transparent-header-meta":"","adv-header-id-meta":"","stick-header-meta":"","header-above-stick-meta":"","header-main-stick-meta":"","header-below-stick-meta":"","astra-migrate-meta-layouts":"default","ast-page-background-enabled":"default","ast-page-background-meta":{"desktop":{"background-color":"var(--ast-global-color-5)","background-image":"","background-repeat":"repeat","background-position":"center center","background-size":"auto","background-attachment":"scroll","background-type":"","background-media":"","overlay-type":"","overlay-color":"","overlay-opacity":"","overlay-gradient":""},"tablet":{"background-color":"","background-image":"","background-repeat":"repeat","background-position":"center center","background-size":"auto","background-attachment":"scroll","background-type":"","background-media":"","overlay-type":"","overlay-color":"","overlay-opacity":"","overlay-gradient":""},"mobile":{"background-color":"","background-image":"","background-repeat":"repeat","background-position":"center center","background-size":"auto","background-attachment":"scroll","background-type":"","background-media":"","overlay-type":"","overlay-color":"","overlay-opacity":"","overlay-gradient":""}},"ast-content-background-meta":{"desktop":{"background-color":"var(--ast-global-color-4)","background-image":"","background-repeat":"repeat","background-position":"center center","background-size":"auto","background-attachment":"scroll","background-type":"","background-media":"","overlay-type":"","overlay-color":"","overlay-opacity":"","overlay-gradient":""},"tablet":{"background-color":"var(--ast-global-color-4)","background-image":"","background-repeat":"repeat","background-position":"center center","background-size":"auto","background-attachment":"scroll","background-type":"","background-media":"","overlay-type":"","overlay-color":"","overlay-opacity":"","overlay-gradient":""},"mobile":{"background-color":"var(--ast-global-color-4)","background-image":"","background-repeat":"repeat","background-position":"center center","background-size":"auto","background-attachment":"scroll","background-type":"","background-media":"","overlay-type":"","overlay-color":"","overlay-opacity":"","overlay-gradient":""}},"footnotes":""},"class_list":["post-78","page","type-page","status-publish","has-post-thumbnail","hentry"],"_links":{"self":[{"href":"https:\/\/bhp.leadyourselfafrica.com\/index.php\/wp-json\/wp\/v2\/pages\/78","targetHints":{"allow":["GET"]}}],"collection":[{"href":"https:\/\/bhp.leadyourselfafrica.com\/index.php\/wp-json\/wp\/v2\/pages"}],"about":[{"href":"https:\/\/bhp.leadyourselfafrica.com\/index.php\/wp-json\/wp\/v2\/types\/page"}],"author":[{"embeddable":true,"href":"https:\/\/bhp.leadyourselfafrica.com\/index.php\/wp-json\/wp\/v2\/users\/1"}],"replies":[{"embeddable":true,"href":"https:\/\/bhp.leadyourselfafrica.com\/index.php\/wp-json\/wp\/v2\/comments?post=78"}],"version-history":[{"count":3,"href":"https:\/\/bhp.leadyourselfafrica.com\/index.php\/wp-json\/wp\/v2\/pages\/78\/revisions"}],"predecessor-version":[{"id":83,"href":"https:\/\/bhp.leadyourselfafrica.com\/index.php\/wp-json\/wp\/v2\/pages\/78\/revisions\/83"}],"wp:featuredmedia":[{"embeddable":true,"href":"https:\/\/bhp.leadyourselfafrica.com\/index.php\/wp-json\/wp\/v2\/media\/79"}],"wp:attachment":[{"href":"https:\/\/bhp.leadyourselfafrica.com\/index.php\/wp-json\/wp\/v2\/media?parent=78"}],"curies":[{"name":"wp","href":"https:\/\/api.w.org\/{rel}","templated":true}]}}